{"id":759,"date":"2017-02-08T15:39:52","date_gmt":"2017-02-08T15:39:52","guid":{"rendered":"http:\/\/gsc.w15l.t4n.io\/?page_id=759"},"modified":"2025-11-14T15:46:20","modified_gmt":"2025-11-14T15:46:20","slug":"home-2-2","status":"publish","type":"page","link":"https:\/\/gsc-schwoerer.de\/en\/","title":{"rendered":"Unternehmen"},"content":{"rendered":"<p>Als Ende der 30er Jahre eine kleine Schwarzw\u00e4lder Firma mit der Herstellung von Zulieferteilen f\u00fcr die bl\u00fchende Schwarzw\u00e4lder Uhrenindustrie begann, war nicht abzusehen, dass dieses unbekannte Unternehmen sp\u00e4ter zu den innovativsten und kompetentesten Herstellern von hochleistungsf\u00e4higen Antrieben geh\u00f6ren w\u00fcrde.<\/p>\n","protected":false},"excerpt":{"rendered":"<p>Als Ende der 30er Jahre eine kleine Schwarzw\u00e4lder Firma mit der Herstellung von Zulieferteilen f\u00fcr die bl\u00fchende Schwarzw\u00e4lder Uhrenindustrie begann, war nicht abzusehen, dass dieses unbekannte Unternehmen sp\u00e4ter zu den innovativsten und kompetentesten Herstellern von hochleistungsf\u00e4higen Antrieben geh\u00f6ren w\u00fcrde.<\/p>\n","protected":false},"author":2,"featured_media":0,"parent":0,"menu_order":0,"comment_status":"closed","ping_status":"closed","template":"page-templates\/home.php","meta":{"footnotes":""},"class_list":["post-759","page","type-page","status-publish","hentry"],"translation":{"provider":"WPGlobus","version":"3.0.1","language":"en","enabled_languages":["de","en"],"languages":{"de":{"title":true,"content":true,"excerpt":false},"en":{"title":false,"content":false,"excerpt":false}}},"acf":[],"_links":{"self":[{"href":"https:\/\/gsc-schwoerer.de\/en\/wp-json\/wp\/v2\/pages\/759","targetHints":{"allow":["GET"]}}],"collection":[{"href":"https:\/\/gsc-schwoerer.de\/en\/wp-json\/wp\/v2\/pages"}],"about":[{"href":"https:\/\/gsc-schwoerer.de\/en\/wp-json\/wp\/v2\/types\/page"}],"author":[{"embeddable":true,"href":"https:\/\/gsc-schwoerer.de\/en\/wp-json\/wp\/v2\/users\/2"}],"replies":[{"embeddable":true,"href":"https:\/\/gsc-schwoerer.de\/en\/wp-json\/wp\/v2\/comments?post=759"}],"version-history":[{"count":10,"href":"https:\/\/gsc-schwoerer.de\/en\/wp-json\/wp\/v2\/pages\/759\/revisions"}],"predecessor-version":[{"id":3418,"href":"https:\/\/gsc-schwoerer.de\/en\/wp-json\/wp\/v2\/pages\/759\/revisions\/3418"}],"wp:attachment":[{"href":"https:\/\/gsc-schwoerer.de\/en\/wp-json\/wp\/v2\/media?parent=759"}],"curies":[{"name":"wp","href":"https:\/\/api.w.org\/{rel}","templated":true}]}}